{"id":48268,"date":"2020-09-07T14:21:01","date_gmt":"2020-09-07T12:21:01","guid":{"rendered":"https:\/\/www.dikgelukkig.be\/blog\/?page_id=48268"},"modified":"2022-03-18T09:46:28","modified_gmt":"2022-03-18T08:46:28","slug":"introductie","status":"publish","type":"page","link":"https:\/\/www.dikgelukkig.be\/blog\/aanbod\/basiscursus\/introductie\/","title":{"rendered":"Basiscursus: intro"},"content":{"rendered":"<p>[et_pb_section fb_built=&#8221;1&#8243; admin_label=&#8221;Course Hero&#8221; _builder_version=&#8221;4.14.9&#8243; background_color=&#8221;#ccf2f2&#8243; background_color_gradient_start=&#8221;#33cccc&#8221; background_color_gradient_end=&#8221;#EFE5D5&#8243; background_enable_image=&#8221;off&#8221; background_blend=&#8221;overlay&#8221; custom_padding=&#8221;52px|0px|75px|0px||&#8221; animation_direction=&#8221;top&#8221; locked=&#8221;off&#8221; global_colors_info=&#8221;{}&#8221;][et_pb_row column_structure=&#8221;1_2,1_2&#8243; _builder_version=&#8221;3.25&#8243; custom_margin=&#8221;|||&#8221; custom_width_px=&#8221;1280px&#8221; global_colors_info=&#8221;{}&#8221;][et_pb_column type=&#8221;1_2&#8243; _builder_version=&#8221;3.25&#8243; custom_padding=&#8221;|||&#8221; global_colors_info=&#8221;{}&#8221; custom_padding__hover=&#8221;|||&#8221;][et_pb_text _builder_version=&#8221;4.14.9&#8243; header_font=&#8221;Quicksand||||||||&#8221; header_text_color=&#8221;#393939&#8243; header_font_size=&#8221;38px&#8221; header_line_height=&#8221;1.2em&#8221; background_layout=&#8221;dark&#8221; custom_padding=&#8221;|||&#8221; header_font_size_tablet=&#8221;&#8221; header_font_size_phone=&#8221;&#8221; header_font_size_last_edited=&#8221;on|desktop&#8221; locked=&#8221;off&#8221; global_colors_info=&#8221;{}&#8221;]<\/p>\n<h1>Dik Gelukkig worden:<\/h1>\n<h1>de basiscursus<\/h1>\n<p>[\/et_pb_text][et_pb_text _builder_version=&#8221;4.14.9&#8243; text_text_color=&#8221;#d4ccff&#8221; text_font_size=&#8221;16px&#8221; text_line_height=&#8221;1.9em&#8221; header_2_font=&#8221;|600|||||||&#8221; header_2_text_color=&#8221;#cc33cc&#8221; header_2_font_size=&#8221;36px&#8221; header_2_line_height=&#8221;1.3em&#8221; hover_enabled=&#8221;0&#8243; locked=&#8221;off&#8221; global_colors_info=&#8221;{}&#8221; sticky_enabled=&#8221;0&#8243;]<\/p>\n<h2>Intro<\/h2>\n<p>[\/et_pb_text][\/et_pb_column][et_pb_column type=&#8221;1_2&#8243; _builder_version=&#8221;3.25&#8243; custom_padding=&#8221;|||&#8221; global_colors_info=&#8221;{}&#8221; custom_padding__hover=&#8221;|||&#8221;][et_pb_image src=&#8221;https:\/\/www.dikgelukkig.be\/blog\/wp-content\/uploads\/2020\/09\/basiscursus-cirkel.png&#8221; title_text=&#8221;basiscursus-cirkel&#8221; _builder_version=&#8221;4.14.9&#8243; _module_preset=&#8221;default&#8221; width=&#8221;50%&#8221; module_alignment=&#8221;right&#8221; module_alignment_tablet=&#8221;&#8221; module_alignment_phone=&#8221;center&#8221; module_alignment_last_edited=&#8221;on|phone&#8221; global_colors_info=&#8221;{}&#8221;][\/et_pb_image][\/et_pb_column][\/et_pb_row][\/et_pb_section][et_pb_section fb_built=&#8221;1&#8243; specialty=&#8221;on&#8221; padding_top_2=&#8221;0px&#8221; admin_label=&#8221;Course Chapters&#8221; _builder_version=&#8221;3.22&#8243; custom_margin=&#8221;|||&#8221; custom_padding=&#8221;0px||165px|||&#8221; global_colors_info=&#8221;{}&#8221;][et_pb_column type=&#8221;2_3&#8243; specialty_columns=&#8221;2&#8243; _builder_version=&#8221;3.25&#8243; custom_padding=&#8221;|||&#8221; global_colors_info=&#8221;{}&#8221; custom_padding__hover=&#8221;|||&#8221;][et_pb_row_inner use_custom_gutter=&#8221;on&#8221; gutter_width=&#8221;4&#8243; _builder_version=&#8221;4.14.9&#8243; custom_margin=&#8221;||||false|false&#8221; custom_padding=&#8221;0px|||&#8221; global_colors_info=&#8221;{}&#8221;][et_pb_column_inner saved_specialty_column_type=&#8221;2_3&#8243; _builder_version=&#8221;3.25&#8243; custom_padding=&#8221;|||&#8221; global_colors_info=&#8221;{}&#8221; custom_padding__hover=&#8221;|||&#8221;][et_pb_text _builder_version=&#8221;4.14.9&#8243; _module_preset=&#8221;default&#8221; text_font_size=&#8221;16px&#8221; text_line_height=&#8221;1.8em&#8221; custom_padding=&#8221;50px||||false|false&#8221; global_colors_info=&#8221;{}&#8221;]<\/p>\n<p>Welkom in de online basiscursus \u2018Dik Gelukkig worden\u2019.<\/p>\n<p>[\/et_pb_text][et_pb_text _builder_version=&#8221;4.14.9&#8243; _module_preset=&#8221;default&#8221; text_font_size=&#8221;16px&#8221; text_line_height=&#8221;1.8em&#8221; custom_padding=&#8221;||||false|false&#8221; global_colors_info=&#8221;{}&#8221;]<\/p>\n<p>Mijn visie hierover is simpel: om Dik Gelukkig te zijn moet je stoppen met di\u00ebten. En dat klinkt heel simpel, maar in de praktijk is dat niet altijd gemakkelijk.<\/p>\n<p>[\/et_pb_text][et_pb_text _builder_version=&#8221;4.14.9&#8243; _module_preset=&#8221;default&#8221; text_font_size=&#8221;16px&#8221; text_line_height=&#8221;1.8em&#8221; custom_padding=&#8221;||||false|false&#8221; global_colors_info=&#8221;{}&#8221;]<\/p>\n<p>Want hoe begin je daaraan als je bijna je leven lang niets anders gedaan hebt dan op dieet gestaan? Of misschien heb je al eens geprobeerd om te stoppen met di\u00ebten, maar lukte het om een of andere reden toch niet.<\/p>\n<p>[\/et_pb_text][et_pb_text _builder_version=&#8221;4.14.9&#8243; _module_preset=&#8221;default&#8221; text_font_size=&#8221;16px&#8221; text_line_height=&#8221;1.8em&#8221; custom_padding=&#8221;||||false|false&#8221; global_colors_info=&#8221;{}&#8221;]<\/p>\n<p><strong>Als je wilt stoppen met di\u00ebten zijn er zoveel dingen waar je doorheen moet, dat je dat niet allemaal in \u00e9\u00e9n keer kan doen.<\/strong><\/p>\n<p>[\/et_pb_text][et_pb_text _builder_version=&#8221;4.14.9&#8243; _module_preset=&#8221;default&#8221; text_font_size=&#8221;16px&#8221; text_line_height=&#8221;1.8em&#8221; custom_padding=&#8221;||||false|false&#8221; global_colors_info=&#8221;{}&#8221;]<\/p>\n<p>Het is namelijk meer dan alleen stoppen met een dieet te volgen. Je moet bijvoorbeeld ook weer een positieve relatie opbouwen met je lichaam. En wat met de buitenwereld die je nog altijd continu de boodschap geeft dat je moet afvallen als je dik bent?<\/p>\n<p>[\/et_pb_text][et_pb_text _builder_version=&#8221;4.14.9&#8243; _module_preset=&#8221;default&#8221; text_font_size=&#8221;16px&#8221; text_line_height=&#8221;1.8em&#8221; custom_padding=&#8221;||||false|false&#8221; global_colors_info=&#8221;{}&#8221;]<\/p>\n<p>Dat zijn dingen die je allemaal moet verwerken om Dik Gelukkig te worden.<\/p>\n<p>[\/et_pb_text][et_pb_text _builder_version=&#8221;4.14.9&#8243; _module_preset=&#8221;default&#8221; text_font_size=&#8221;16px&#8221; text_line_height=&#8221;1.8em&#8221; custom_padding=&#8221;||||false|false&#8221; global_colors_info=&#8221;{}&#8221;]<\/p>\n<p>Deze online cursus gaat uit van die gedachte en is zo opgebouwd dat elke les een aspect behandelt dat te maken heeft met stoppen met di\u00ebten:<\/p>\n<p>[\/et_pb_text][et_pb_text _builder_version=&#8221;4.14.9&#8243; _module_preset=&#8221;default&#8221; text_font_size=&#8221;16px&#8221; text_line_height=&#8221;1.8em&#8221; custom_padding=&#8221;||||false|false&#8221; global_colors_info=&#8221;{}&#8221;]<\/p>\n<p><strong>1- Dieetcultuur<\/strong>: je leert wat een dieetcultuur juist is en hoe je erdoor be\u00efnvloed wordt.<\/p>\n<p><strong><\/strong><\/p>\n<p><strong>2- Discriminatie<\/strong>: je krijgt meer uitleg over hoe dikke mensen in onze maatschappij gediscrimineerd worden als gevolg van de vooroordelen die er bestaan over hen.<\/p>\n<p><strong><\/strong><\/p>\n<p><strong>3- Di\u00ebten werkt niet<\/strong>: je ontdekt waarom je nog altijd niet dun bent, hoewel je al ontelbare di\u00ebten geprobeerd hebt.<\/p>\n<p><strong><\/strong><\/p>\n<p><strong>4- Gezondheid<\/strong>: we gaan dieper in op wat gezondheid juist betekent en hoe complex dat is in het kader van gewicht.<\/p>\n<p><strong><\/strong><\/p>\n<p><strong>5- Lichaamsbeeld<\/strong>: je leert over een nieuwe realiteit die je kan opbouwen wanneer je het droombeeld van je \u2018ideale\u2019 lichaam hebt opgegeven.<\/p>\n<p><strong><\/strong><\/p>\n<p><strong>6- Bewegen<\/strong>: je ontdekt dat sporten een negatieve impact gehad kan hebben en hoe je stilaan je lichaam weer met plezier kan bewegen.<\/p>\n<p><strong><\/strong><\/p>\n<p><strong>7- Intu\u00eftief eten<\/strong>: je gaat op zoek naar een nieuwe manier om met eten om te gaan, zodat je eindelijk verlost geraakt van het heen-en-weer-getrek tussen di\u00ebten en eetbuien hebben.<\/p>\n<p><strong><\/strong><\/p>\n<p><strong>8- De buitenwereld<\/strong>: je krijgt de motivatie die je nodig hebt om voor jezelf op te komen wanneer de rest van de wereld je continu tegenwerkt.<\/p>\n<p><strong><\/strong><\/p>\n<p><strong>9- Medische zorg<\/strong>: je komt te weten hoe de medische zorg voor dikke mensen tekortschiet en waarom dat belangrijk is.<\/p>\n<p><strong><\/strong><\/p>\n<p><strong>10- Twijfels<\/strong>: je leert dat twijfels bij het proces horen en hoe je daarmee om kan gaan.<\/p>\n<p>[\/et_pb_text][et_pb_text _builder_version=&#8221;4.14.9&#8243; _module_preset=&#8221;default&#8221; text_font_size=&#8221;16px&#8221; text_line_height=&#8221;1.8em&#8221; custom_padding=&#8221;||||false|false&#8221; global_colors_info=&#8221;{}&#8221;]<\/p>\n<p><strong>De eerste drie lessen vormen de basis: die info heb je nodig om sterk in je schoenen te staan als je ervoor kiest om te stoppen met di\u00ebten.<\/strong> Je moet namelijk weten dat er zoiets bestaat als een dieetcultuur, wat de gevolgen ervan zijn en waarom stoppen met di\u00ebten niet werkt. Die informatie zorgt ervoor dat je vol overtuiging kan blijven zeggen: ik kies ervoor om Dik Gelukkig te zijn.<\/p>\n<p>[\/et_pb_text][et_pb_text _builder_version=&#8221;4.14.9&#8243; _module_preset=&#8221;default&#8221; text_font_size=&#8221;16px&#8221; text_line_height=&#8221;1.8em&#8221; custom_padding=&#8221;||||false|false&#8221; global_colors_info=&#8221;{}&#8221;]<\/p>\n<p><strong>De rest van de lessen behandelen telkens een aspect waar je door moet om er ook zelf helemaal van overtuigd te geraken dat jij Dik Gelukkig mag zijn.<\/strong> Dat betekent dat je je relatie met gezondheid, je lichaam, bewegen en eten moet herstellen en dat je moet leren hoe je het beste omgaat met de buitenwereld, inclusief de medische wereld, en twijfels.<\/p>\n<p>[\/et_pb_text][et_pb_text _builder_version=&#8221;4.14.9&#8243; _module_preset=&#8221;default&#8221; text_font_size=&#8221;16px&#8221; text_line_height=&#8221;1.8em&#8221; custom_padding=&#8221;||||false|false&#8221; global_colors_info=&#8221;{}&#8221;]<\/p>\n<p>Dit is een basiscursus en in elke les krijg je dan ook kort de informatie die je nodig hebt om meer te leren over alle aspecten van stoppen met di\u00ebten. Het dient vooral om de twijfels aan te kaarten die veel dikke mensen hebben wanneer ze willen stoppen met di\u00ebten of om je een houvast te geven als je eraan wilt beginnen.<\/p>\n<p>[\/et_pb_text][et_pb_text _builder_version=&#8221;4.14.9&#8243; _module_preset=&#8221;default&#8221; text_font_size=&#8221;16px&#8221; text_line_height=&#8221;1.8em&#8221; custom_padding=&#8221;||||false|false&#8221; global_colors_info=&#8221;{}&#8221;]<\/p>\n<p><strong>Elke les bestaat uit informatie en een opdracht.<\/strong> Naast de gewone tekst vind je ook telkens een audiobestand en een pdf-document, zodat je kan kiezen op welke manier je de cursus het liefste voltooit.<\/p>\n<p>[\/et_pb_text][et_pb_text _builder_version=&#8221;4.14.9&#8243; _module_preset=&#8221;default&#8221; text_font_size=&#8221;16px&#8221; text_line_height=&#8221;1.8em&#8221; custom_padding=&#8221;||||false|false&#8221; global_colors_info=&#8221;{}&#8221;]<\/p>\n<p>Voordat je aan de cursus begint, wil ik ook nog even heel duidelijk maken dat ik geen arts ben of een andere medische achtergrond heb. De informatie in deze cursus is dus op geen enkele manier van medische aard. De dingen die ik hier deel, komen van onderzoekers en deskundigen die zich toegewijd hebben aan dit onderwerp en ik heb geprobeerd om stellingen zoveel mogelijk te linken aan bestaand onderzoek. Deze cursus is geen vervanging voor medische hulp of voor therapie van welke aard dan ook. Ik ga ervan uit dat je verantwoordelijk omspringt met de informatie in deze cursus en eventueel met je behandelende hulpverlener overlegt als je ermee aan de slag wilt gaan. Lees hierover ook meer in mijn <span style=\"text-decoration-line: underline;\"><a href=\"https:\/\/www.dikgelukkig.be\/blog\/disclaimer\/\">disclaimer<\/a><\/span>.<\/p>\n<p>[\/et_pb_text][\/et_pb_column_inner][\/et_pb_row_inner][\/et_pb_column][et_pb_column type=&#8221;1_3&#8243; _builder_version=&#8221;3.25&#8243; custom_padding=&#8221;|||&#8221; global_colors_info=&#8221;{}&#8221; custom_padding__hover=&#8221;|||&#8221;][et_pb_text _builder_version=&#8221;4.14.9&#8243; _module_preset=&#8221;default&#8221; text_text_color=&#8221;#33cccc&#8221; text_font_size=&#8221;16px&#8221; header_3_font=&#8221;Quicksand||||||||&#8221; header_3_text_color=&#8221;#000000&#8243; header_3_font_size=&#8221;24px&#8221; header_3_letter_spacing=&#8221;1px&#8221; header_3_line_height=&#8221;1.3em&#8221; custom_margin=&#8221;20px||||false|false&#8221; custom_padding=&#8221;40px|40px|40px|40px|false|false&#8221; hover_enabled=&#8221;0&#8243; box_shadow_style=&#8221;preset1&#8243; box_shadow_vertical=&#8221;0px&#8221; box_shadow_blur=&#8221;6px&#8221; global_colors_info=&#8221;{}&#8221; sticky_enabled=&#8221;0&#8243;]<\/p>\n<h3 style=\"text-align: center;\">Overzicht<\/h3>\n<p style=\"text-align: center;\"><strong><\/strong><\/p>\n<p style=\"text-align: center;\"><a href=\"https:\/\/www.dikgelukkig.be\/blog\/aanbod\/basiscursus\/introductie\/\"><strong>Intro<\/strong><\/a><\/p>\n<p style=\"text-align: center;\"><a href=\"https:\/\/www.dikgelukkig.be\/blog\/aanbod\/basiscursus\/les-1-cultuur\/\"><span style=\"text-decoration: underline;\">Les 1: dieetcultuur<\/span><\/a><\/p>\n<p style=\"text-align: center;\"><a href=\"https:\/\/www.dikgelukkig.be\/blog\/aanbod\/basiscursus\/les-2-gevolgen\/\"><span style=\"text-decoration: underline;\">Les 2: discriminatie<\/span><\/a><\/p>\n<p style=\"text-align: center;\"><a href=\"https:\/\/www.dikgelukkig.be\/blog\/aanbod\/basiscursus\/les-3-dieten\/\"><span style=\"text-decoration: underline;\">Les 3: di\u00ebten werkt niet<\/span><\/a><\/p>\n<p style=\"text-align: center;\"><a href=\"https:\/\/www.dikgelukkig.be\/blog\/aanbod\/basiscursus\/les-4-gezond\/\"><span style=\"text-decoration: underline;\">Les 4: gezondheid<\/span><\/a><\/p>\n<p style=\"text-align: center;\"><a href=\"https:\/\/www.dikgelukkig.be\/blog\/aanbod\/basiscursus\/les-5-lichaam\/\"><span style=\"text-decoration: underline;\">Les 5: lichaamsbeeld<\/span><\/a><\/p>\n<p style=\"text-align: center;\"><a href=\"https:\/\/www.dikgelukkig.be\/blog\/aanbod\/basiscursus\/les-6-beweging\/\"><span style=\"text-decoration: underline;\">Les 6: bewegen<\/span><\/a><\/p>\n<p style=\"text-align: center;\"><a href=\"https:\/\/www.dikgelukkig.be\/blog\/aanbod\/basiscursus\/les-7-eten\/\"><span style=\"text-decoration: underline;\">Les 7: intu\u00eftief eten<\/span><\/a><\/p>\n<p style=\"text-align: center;\"><a href=\"https:\/\/www.dikgelukkig.be\/blog\/aanbod\/basiscursus\/les-8-buitenwereld\/\"><span style=\"text-decoration: underline;\">Les 8: de buitenwereld<\/span><\/a><\/p>\n<p style=\"text-align: center;\"><a href=\"https:\/\/www.dikgelukkig.be\/blog\/aanbod\/basiscursus\/les-9-medisch\/\"><span style=\"text-decoration: underline;\">Les 9: medische zorg<\/span><\/a><\/p>\n<p style=\"text-align: center;\"><a href=\"https:\/\/www.dikgelukkig.be\/blog\/aanbod\/basiscursus\/les-10-twijfel\/\"><span style=\"text-decoration: underline;\">Les 10: twijfels<\/span><\/a><\/p>\n<p style=\"text-align: center;\"><a href=\"https:\/\/www.dikgelukkig.be\/blog\/aanbod\/basiscursus\/samenvatting\/\"><span style=\"text-decoration: underline;\">Samenvatting<\/span><\/a><\/p>\n<p>[\/et_pb_text][\/et_pb_column][\/et_pb_section][et_pb_section fb_built=&#8221;1&#8243; admin_label=&#8221;Footer&#8221; _builder_version=&#8221;4.5.6&#8243; background_color=&#8221;#f7f8fc&#8221; custom_padding=&#8221;0px|0px|102px|0px||&#8221; animation_direction=&#8221;bottom&#8221; saved_tabs=&#8221;all&#8221; global_colors_info=&#8221;{}&#8221;][et_pb_row column_structure=&#8221;1_2,1_2&#8243; _builder_version=&#8221;4.5.6&#8243; background_size=&#8221;initial&#8221; background_position=&#8221;top_left&#8221; background_repeat=&#8221;repeat&#8221; custom_padding=&#8221;0px|0px|75px|0px||&#8221; global_colors_info=&#8221;{}&#8221;][et_pb_column type=&#8221;1_2&#8243; _builder_version=&#8221;3.25&#8243; custom_padding=&#8221;|||&#8221; global_colors_info=&#8221;{}&#8221; custom_padding__hover=&#8221;|||&#8221;][et_pb_audio audio=&#8221;https:\/\/www.dikgelukkig.be\/blog\/wp-content\/uploads\/2020\/09\/Basiscursus-Intro.m4a&#8221; title=&#8221;Intro&#8221; album_name=&#8221;Dik Gelukkig worden: de basiscursus&#8221; _builder_version=&#8221;4.5.6&#8243; _module_preset=&#8221;default&#8221; title_line_height=&#8221;1.8em&#8221; caption_font_size=&#8221;16px&#8221; caption_line_height=&#8221;1.8em&#8221; background_color=&#8221;#6c6c6c&#8221; custom_margin=&#8221;-80px||||false|false&#8221; global_colors_info=&#8221;{}&#8221;][\/et_pb_audio][\/et_pb_column][et_pb_column type=&#8221;1_2&#8243; _builder_version=&#8221;3.25&#8243; custom_padding=&#8221;|||&#8221; global_colors_info=&#8221;{}&#8221; custom_padding__hover=&#8221;|||&#8221;][et_pb_blurb title=&#8221;Intro&#8221; url=&#8221;https:\/\/www.dikgelukkig.be\/blog\/wp-content\/uploads\/2020\/09\/Basiscursus_Intro.pdf&#8221; use_icon=&#8221;on&#8221; font_icon=&#8221;&#x69;||divi||400&#8243; icon_color=&#8221;#ffffff&#8221; icon_placement=&#8221;left&#8221; image_icon_width=&#8221;100px&#8221; content_max_width=&#8221;1100px&#8221; _builder_version=&#8221;4.14.9&#8243; header_font=&#8221;||||||||&#8221; header_text_align=&#8221;center&#8221; header_text_color=&#8221;#ffffff&#8221; header_font_size=&#8221;26px&#8221; header_line_height=&#8221;1.8em&#8221; body_text_align=&#8221;center&#8221; body_text_color=&#8221;#ffffff&#8221; body_font_size=&#8221;16px&#8221; body_line_height=&#8221;1.5em&#8221; background_color=&#8221;#6c6c6c&#8221; custom_margin=&#8221;-80px|||&#8221; custom_margin_tablet=&#8221;0px|||&#8221; custom_margin_phone=&#8221;&#8221; custom_margin_last_edited=&#8221;on|phone&#8221; custom_padding=&#8221;30px|40px|30px|40px|false|false&#8221; animation_direction=&#8221;bottom&#8221; animation=&#8221;off&#8221; header_line_height_tablet=&#8221;&#8221; header_line_height_phone=&#8221;1.5em&#8221; header_line_height_last_edited=&#8221;on|phone&#8221; box_shadow_style=&#8221;preset2&#8243; box_shadow_horizontal=&#8221;0px&#8221; box_shadow_vertical=&#8221;0px&#8221; box_shadow_blur=&#8221;60px&#8221; box_shadow_color=&#8221;rgba(71,74,182,0.12)&#8221; icon_font_size=&#8221;100px&#8221; locked=&#8221;off&#8221; global_colors_info=&#8221;{}&#8221;]<\/p>\n<p>Dik Gelukkig worden: de basiscursus<\/p>\n<p><span style=\"color: #ffffff;\"><a href=\"https:\/\/www.dikgelukkig.be\/blog\/wp-content\/uploads\/2020\/09\/Basiscursus_Intro.pdf\" style=\"color: #ffffff;\"><span style=\"text-decoration: underline;\">Pdf downloaden<\/span><\/a><\/span><\/p>\n<p><span style=\"text-decoration: underline;\"><\/span><\/p>\n<p>[\/et_pb_blurb][\/et_pb_column][\/et_pb_row][et_pb_row use_custom_gutter=&#8221;on&#8221; gutter_width=&#8221;2&#8243; _builder_version=&#8221;3.25&#8243; background_size=&#8221;initial&#8221; background_position=&#8221;top_left&#8221; background_repeat=&#8221;repeat&#8221; global_colors_info=&#8221;{}&#8221;][et_pb_column type=&#8221;4_4&#8243; _builder_version=&#8221;3.25&#8243; custom_padding=&#8221;|||&#8221; global_colors_info=&#8221;{}&#8221; custom_padding__hover=&#8221;|||&#8221;][et_pb_text _builder_version=&#8221;4.14.9&#8243; text_text_color=&#8221;#7272ff&#8221; header_font=&#8221;Quicksand||||||||&#8221; header_text_color=&#8221;#cc33cc&#8221; header_font_size=&#8221;36px&#8221; header_letter_spacing=&#8221;1px&#8221; header_line_height=&#8221;1.8em&#8221; background_size=&#8221;initial&#8221; background_position=&#8221;top_left&#8221; background_repeat=&#8221;repeat&#8221; custom_margin=&#8221;||20px|&#8221; animation_direction=&#8221;bottom&#8221; global_colors_info=&#8221;{}&#8221;]<\/p>\n<h1>Klaar om eraan te beginnen?<\/h1>\n<p>[\/et_pb_text][et_pb_text _builder_version=&#8221;4.5.6&#8243; text_text_color=&#8221;#8585bd&#8221; text_font_size=&#8221;22px&#8221; text_line_height=&#8221;1.9em&#8221; header_2_font_size=&#8221;22px&#8221; header_2_line_height=&#8221;1.8em&#8221; background_size=&#8221;initial&#8221; background_position=&#8221;top_left&#8221; background_repeat=&#8221;repeat&#8221; locked=&#8221;off&#8221; global_colors_info=&#8221;{}&#8221;]<\/p>\n<h2>Dan kan je hieronder door naar de eerste les.<\/h2>\n<p>[\/et_pb_text][et_pb_button button_url=&#8221;https:\/\/www.dikgelukkig.be\/blog\/aanbod\/basiscursus\/les-1-cultuur\/&#8221; button_text=&#8221;Naar les 1: dieetcultuur&#8221; button_alignment=&#8221;left&#8221; _builder_version=&#8221;4.14.9&#8243; custom_button=&#8221;on&#8221; button_text_size=&#8221;20px&#8221; button_text_color=&#8221;#ffffff&#8221; button_bg_color=&#8221;#33cccc&#8221; button_border_width=&#8221;0px&#8221; button_border_color=&#8221;#7272ff&#8221; button_border_radius=&#8221;10px&#8221; button_letter_spacing=&#8221;1px&#8221; button_font=&#8221;|600||on|||||&#8221; button_use_icon=&#8221;off&#8221; custom_margin=&#8221;40px||||false|false&#8221; custom_padding=&#8221;10px||10px||false|false&#8221; box_shadow_style=&#8221;preset1&#8243; box_shadow_color=&#8221;#c3c3c3&#8243; button_letter_spacing_hover=&#8221;2px&#8221; saved_tabs=&#8221;all&#8221; locked=&#8221;off&#8221; global_colors_info=&#8221;{}&#8221; button_text_size__hover_enabled=&#8221;off&#8221; button_one_text_size__hover_enabled=&#8221;off&#8221; button_two_text_size__hover_enabled=&#8221;off&#8221; button_text_color__hover_enabled=&#8221;off&#8221; button_one_text_color__hover_enabled=&#8221;off&#8221; button_two_text_color__hover_enabled=&#8221;off&#8221; button_border_width__hover_enabled=&#8221;off&#8221; button_one_border_width__hover_enabled=&#8221;off&#8221; button_two_border_width__hover_enabled=&#8221;off&#8221; button_border_color__hover_enabled=&#8221;off&#8221; button_one_border_color__hover_enabled=&#8221;off&#8221; button_two_border_color__hover_enabled=&#8221;off&#8221; button_border_radius__hover_enabled=&#8221;off&#8221; button_one_border_radius__hover_enabled=&#8221;off&#8221; button_two_border_radius__hover_enabled=&#8221;off&#8221; button_letter_spacing__hover_enabled=&#8221;on|hover&#8221; button_letter_spacing__hover=&#8221;1px&#8221; button_one_letter_spacing__hover_enabled=&#8221;off&#8221; button_two_letter_spacing__hover_enabled=&#8221;off&#8221; button_bg_color__hover_enabled=&#8221;off&#8221; button_one_bg_color__hover_enabled=&#8221;off&#8221; button_two_bg_color__hover_enabled=&#8221;off&#8221;][\/et_pb_button][\/et_pb_column][\/et_pb_row][\/et_pb_section]<\/p>\n","protected":false},"excerpt":{"rendered":"<p>Dik Gelukkig worden: de basiscursusIntroWelkom in de online basiscursus \u2018Dik Gelukkig worden\u2019.Mijn visie hierover is simpel: om Dik Gelukkig te zijn moet je stoppen met di\u00ebten. En dat klinkt heel simpel, maar in de praktijk is dat niet altijd gemakkelijk.Want hoe begin je daaraan als je bijna je leven lang niets anders gedaan hebt dan [&hellip;]<\/p>\n","protected":false},"author":1,"featured_media":48124,"parent":48119,"menu_order":0,"comment_status":"closed","ping_status":"closed","template":"","meta":{"_et_pb_use_builder":"on","_et_pb_old_content":"","_et_gb_content_width":"","footnotes":""},"class_list":["post-48268","page","type-page","status-publish","has-post-thumbnail","hentry"],"_links":{"self":[{"href":"https:\/\/www.dikgelukkig.be\/blog\/wp-json\/wp\/v2\/pages\/48268","targetHints":{"allow":["GET"]}}],"collection":[{"href":"https:\/\/www.dikgelukkig.be\/blog\/wp-json\/wp\/v2\/pages"}],"about":[{"href":"https:\/\/www.dikgelukkig.be\/blog\/wp-json\/wp\/v2\/types\/page"}],"author":[{"embeddable":true,"href":"https:\/\/www.dikgelukkig.be\/blog\/wp-json\/wp\/v2\/users\/1"}],"replies":[{"embeddable":true,"href":"https:\/\/www.dikgelukkig.be\/blog\/wp-json\/wp\/v2\/comments?post=48268"}],"version-history":[{"count":64,"href":"https:\/\/www.dikgelukkig.be\/blog\/wp-json\/wp\/v2\/pages\/48268\/revisions"}],"predecessor-version":[{"id":50902,"href":"https:\/\/www.dikgelukkig.be\/blog\/wp-json\/wp\/v2\/pages\/48268\/revisions\/50902"}],"up":[{"embeddable":true,"href":"https:\/\/www.dikgelukkig.be\/blog\/wp-json\/wp\/v2\/pages\/48119"}],"wp:featuredmedia":[{"embeddable":true,"href":"https:\/\/www.dikgelukkig.be\/blog\/wp-json\/wp\/v2\/media\/48124"}],"wp:attachment":[{"href":"https:\/\/www.dikgelukkig.be\/blog\/wp-json\/wp\/v2\/media?parent=48268"}],"curies":[{"name":"wp","href":"https:\/\/api.w.org\/{rel}","templated":true}]}}